{"id":797,"date":"2021-09-05T11:53:38","date_gmt":"2021-09-05T09:53:38","guid":{"rendered":"https:\/\/ak44-giessen.de\/?page_id=797"},"modified":"2022-09-26T10:08:07","modified_gmt":"2022-09-26T08:08:07","slug":"spenden","status":"publish","type":"page","link":"https:\/\/ak44-giessen.de\/ak44-infoladen-giessen\/spenden\/","title":{"rendered":"Spenden"},"content":{"rendered":"\n<p><strong>DANKE<\/strong>, dass du das autonome Kulturzentrum unterst\u00fctzen willst!<\/p>\n\n\n\n<p>Im AK44\/Infoladen Gie\u00dfen geht es nicht darum, Gewinne zu erwirtschaften, sondern um ein solidarisches Zusammenleben f\u00fcr Alle.<br>Dies wird in unbezahlter Arbeit von Vielen realisiert und um unabh\u00e4ngig zu bleiben, werden keine \u00f6ffentlichen Zusch\u00fcsse daf\u00fcr genutzt.<\/p>\n\n\n\n<p><br>Da jeden Monat Miete gezahlt werden muss, braucht es vor allem finanzielle Unterst\u00fctzung. Die gr\u00f6\u00dfte Sicherheit und einen freien Kopf f\u00fcr politische Arbeit erm\u00f6glichst du durch einen monatlichen Dauerauftrag an:<\/p>\n\n\n\n<p><strong>Spendenkonto des autonomen Kulturzentrum AK44 und Infoladen Gie\u00dfen:<\/strong><\/p>\n\n\n\n<p>IBAN: DE13 5135 0025 0205 0709 90<br>Zweck: Spende zur F\u00f6rderung von Kunst und Kultur<\/p>\n\n\n\n<p>Kontakt: <a href=\"&#x6d;a&#x69;&#108;&#x74;&#111;&#x3a;&#x73;p&#x65;&#110;&#x64;&#101;&#x6e;&#64;a&#x6b;&#52;&#x34;&#45;&#x67;&#105;e&#x73;&#115;&#x65;&#110;&#x2e;&#100;e\">sp&#101;&#110;&#100;&#x65;&#x6e;&#x40;&#x61;&#x6b;44&#45;&#103;&#105;&#x65;&#x73;&#x73;&#x65;&#x6e;&#46;d&#101;<\/a><\/p>\n\n\n\n<p><em>Spendenbescheinigung m\u00f6glich (bis 200 Euro im Jahr gilt der Kontoauszug als Spendenquittung)<\/em><\/p>\n\n\n\n<p>Die Miete ist zwar die Grundlage des Autonomen Zentrums, aber f\u00fcr Veranstaltungen (Lesungen, Workshops, Vortr\u00e4ge, Kneipenabende, Konzerte und Partys) braucht es noch einiges mehr.<\/p>\n\n\n\n<p>Folgende Materialien werden aktuell ben\u00f6tigt: (bitte nix neu kaufen)<\/p>\n\n\n\n<ul class=\"wp-block-list\"><li>Kehr-Wisch-Maschine<\/li><li>Neuen Boden im Veranstaltungsraum (Wissen und Ideen)<\/li><li>Dach f\u00fcr Fahrradverleihstation (Wellblech, o.\u00e4.)<\/li><li>Beton, Sand,<\/li><li>Kies und Schotter<\/li><li>Lange vierkant H\u00f6lzer<\/li><li>Klobrille<\/li><li>Bistrotische (niedrig)<\/li><\/ul>\n\n\n\n<p>Wenn du etwas davon hast oder auftreiben kannst nimm gerne Kontakt auf: <a href=\"&#x6d;&#x61;&#x69;&#x6c;&#116;&#111;&#58;in&#x66;&#x6f;&#x6c;&#x61;&#x64;&#101;&#110;&#45;gi&#x65;&#x73;&#x73;&#x65;&#x6e;&#64;&#119;&#101;b&#46;&#x64;&#x65;\">&#x69;n&#x66;&#111;l&#x61;&#100;&#x65;&#x6e;-&#x67;&#105;e&#x73;&#115;&#x65;&#110;&#64;&#x77;&#101;b&#x2e;&#100;&#x65;<\/a><\/p>\n\n\n\n<p>Der Umsonstladen ist schon seit vielen Jahren nicht mehr in den R\u00e4umen des AK44, bitte stellt daher nix einfach ungefragt einfach vor die T\u00fcr. Danke!<\/p>\n\n\n\n<figure class=\"wp-block-image size-large\"><a href=\"https:\/\/ak44-giessen.de\/wp-content\/uploads\/2020\/10\/A4-Spendenkampagne-01-black.png\"><img loading=\"lazy\" decoding=\"async\" width=\"722\" height=\"1024\" src=\"https:\/\/ak44-giessen.de\/wp-content\/uploads\/2020\/10\/A4-Spendenkampagne-01-black-722x1024.png\" alt=\"\" class=\"wp-image-713\" srcset=\"https:\/\/ak44-giessen.de\/wp-content\/uploads\/2020\/10\/A4-Spendenkampagne-01-black-722x1024.png 722w, https:\/\/ak44-giessen.de\/wp-content\/uploads\/2020\/10\/A4-Spendenkampagne-01-black-211x300.png 211w, https:\/\/ak44-giessen.de\/wp-content\/uploads\/2020\/10\/A4-Spendenkampagne-01-black-768x1090.png 768w, https:\/\/ak44-giessen.de\/wp-content\/uploads\/2020\/10\/A4-Spendenkampagne-01-black-1082x1536.png 1082w, https:\/\/ak44-giessen.de\/wp-content\/uploads\/2020\/10\/A4-Spendenkampagne-01-black-1443x2048.png 1443w\" sizes=\"auto, (max-width: 722px) 100vw, 722px\" \/><\/a><\/figure>\n\n\n\n<figure class=\"wp-block-image size-large\"><a href=\"https:\/\/ak44-giessen.de\/wp-content\/uploads\/2020\/10\/A4-Spendenkampagne-02-black.png\"><img loading=\"lazy\" decoding=\"async\" width=\"722\" height=\"1024\" src=\"https:\/\/ak44-giessen.de\/wp-content\/uploads\/2020\/10\/A4-Spendenkampagne-02-black-722x1024.png\" alt=\"\" class=\"wp-image-714\" srcset=\"https:\/\/ak44-giessen.de\/wp-content\/uploads\/2020\/10\/A4-Spendenkampagne-02-black-722x1024.png 722w, https:\/\/ak44-giessen.de\/wp-content\/uploads\/2020\/10\/A4-Spendenkampagne-02-black-211x300.png 211w, https:\/\/ak44-giessen.de\/wp-content\/uploads\/2020\/10\/A4-Spendenkampagne-02-black-768x1090.png 768w, https:\/\/ak44-giessen.de\/wp-content\/uploads\/2020\/10\/A4-Spendenkampagne-02-black-1082x1536.png 1082w, https:\/\/ak44-giessen.de\/wp-content\/uploads\/2020\/10\/A4-Spendenkampagne-02-black-1443x2048.png 1443w\" sizes=\"auto, (max-width: 722px) 100vw, 722px\" \/><\/a><\/figure>\n","protected":false},"excerpt":{"rendered":"<p>DANKE, dass du das autonome Kulturzentrum unterst\u00fctzen willst! Im AK44\/Infoladen Gie\u00dfen geht es nicht darum, Gewinne zu erwirtschaften, sondern um ein solidarisches Zusammenleben f\u00fcr Alle.Dies wird in unbezahlter Arbeit von Vielen realisiert und um unabh\u00e4ngig zu bleiben, werden keine \u00f6ffentlichen &hellip; <a href=\"https:\/\/ak44-giessen.de\/ak44-infoladen-giessen\/spenden\/\">Weiterlesen <span class=\"meta-nav\">&rarr;<\/span><\/a><\/p>\n","protected":false},"author":1,"featured_media":0,"parent":0,"menu_order":0,"comment_status":"closed","ping_status":"closed","template":"","meta":{"footnotes":""},"class_list":["post-797","page","type-page","status-publish","hentry"],"_links":{"self":[{"href":"https:\/\/ak44-giessen.de\/ak44-infoladen-giessen\/wp-json\/wp\/v2\/pages\/797","targetHints":{"allow":["GET"]}}],"collection":[{"href":"https:\/\/ak44-giessen.de\/ak44-infoladen-giessen\/wp-json\/wp\/v2\/pages"}],"about":[{"href":"https:\/\/ak44-giessen.de\/ak44-infoladen-giessen\/wp-json\/wp\/v2\/types\/page"}],"author":[{"embeddable":true,"href":"https:\/\/ak44-giessen.de\/ak44-infoladen-giessen\/wp-json\/wp\/v2\/users\/1"}],"replies":[{"embeddable":true,"href":"https:\/\/ak44-giessen.de\/ak44-infoladen-giessen\/wp-json\/wp\/v2\/comments?post=797"}],"version-history":[{"count":5,"href":"https:\/\/ak44-giessen.de\/ak44-infoladen-giessen\/wp-json\/wp\/v2\/pages\/797\/revisions"}],"predecessor-version":[{"id":1052,"href":"https:\/\/ak44-giessen.de\/ak44-infoladen-giessen\/wp-json\/wp\/v2\/pages\/797\/revisions\/1052"}],"wp:attachment":[{"href":"https:\/\/ak44-giessen.de\/ak44-infoladen-giessen\/wp-json\/wp\/v2\/media?parent=797"}],"curies":[{"name":"wp","href":"https:\/\/api.w.org\/{rel}","templated":true}]}}