{"id":740,"date":"2021-02-26T21:26:12","date_gmt":"2021-02-26T20:26:12","guid":{"rendered":"https:\/\/ak44-giessen.de\/?page_id=740"},"modified":"2024-07-06T13:30:45","modified_gmt":"2024-07-06T11:30:45","slug":"kalender","status":"publish","type":"page","link":"https:\/\/ak44-giessen.de\/ak44-infoladen-giessen\/kalender\/","title":{"rendered":"Veranstaltungen"},"content":{"rendered":"\n<p><code><div id=\"vsel\" class=\"vsel-shortcode vsel-shortcode-upcoming-events\"><div id=\"event-2160\" class=\"vsel-content vsel-upcoming vsel-current\"><div class=\"vsel-meta vsel-alignleft\" style=\"width:36%;\"><h3 class=\"vsel-meta-title\"><a href=\"https:\/\/ak44-giessen.de\/ak44-infoladen-giessen\/event\/__trashed-2\/\" rel=\"bookmark\" title=\"ORACLE OF WORMS | EYMASTER | NECROMANCER | PLAGUECASTER\">ORACLE OF WORMS | EYMASTER | NECROMANCER | PLAGUECASTER<\/a><\/h3><div class=\"vsel-meta-date vsel-meta-single-date\">Datum: <span>30. April 2026<\/span><\/div><div class=\"vsel-meta-time\">Uhrzeit: <span>20:00<\/span><\/div><\/div><div class=\"vsel-info vsel-alignright\" style=\"width:60%;\"><div class=\"vsel-text\"><div class=\"wp-block-image\">\n<figure class=\"aligncenter size-full is-resized\"><a href=\"https:\/\/ak44-giessen.de\/wp-content\/uploads\/2026\/03\/image-1.png\"><img loading=\"lazy\" decoding=\"async\" width=\"651\" height=\"872\" src=\"https:\/\/ak44-giessen.de\/wp-content\/uploads\/2026\/03\/image-1.png\" alt=\"\" class=\"wp-image-2161\" style=\"aspect-ratio:0.750912461065143;width:398px;height:auto\" srcset=\"https:\/\/ak44-giessen.de\/wp-content\/uploads\/2026\/03\/image-1.png 651w, https:\/\/ak44-giessen.de\/wp-content\/uploads\/2026\/03\/image-1-224x300.png 224w\" sizes=\"auto, (max-width: 651px) 100vw, 651px\" \/><\/a><\/figure>\n<\/div>\n\n\n<p data-wp-context---core-fit-text=\"core\/fit-text::{&quot;fontSize&quot;:&quot;&quot;}\" data-wp-init---core-fit-text=\"core\/fit-text::callbacks.init\" data-wp-interactive data-wp-style--font-size=\"core\/fit-text::context.fontSize\" class=\"has-fit-text\">&#8222;<em>&#8230;.die volle Packung <strong>Death Metal<\/strong> im AK!<\/em>&#8222;<\/p>\n\n\n\n<p class=\"has-text-align-center has-medium-font-size\"><strong>Mit dabei sind:<\/strong><\/p>\n\n\n\n<hr class=\"wp-block-separator has-alpha-channel-opacity is-style-wide\"\/>\n\n\n\n<h2 class=\"wp-block-heading has-text-align-center\">ORACLE OF WORMS &#8211;  (Gie\u00dfen)<\/h2>\n\n\n\n<blockquote class=\"wp-block-quote is-layout-flow wp-block-quote-is-layout-flow\">\n<p class=\"has-text-align-center\">HM-2 worshipping blend of black metal, death metal and crust, featuring members of Depravation, Eraserhead, Blizzen, Reflexor and Derelyction.<\/p>\n<\/blockquote>\n\n\n\n<p><\/p>\n\n\n\n<p class=\"has-text-align-center\">ORACLE OF WORMS releasen am 21.04. ihr Deb\u00fct-Album &#8222;CULT OF SUFFERING&#8220; via Fucking Kill Records, FDA Records &amp; Sapivon Records, um das geb\u00fchrend zu feiern gibt&#8217;s am 30.04. die volle Packung Death Metal im AK!<br><br><a href=\"http:\/\/oracleofworms.bandcamp.com\/\" target=\"_blank\" rel=\"noreferrer noopener\">oracleofworms.bandcamp.com<\/a><\/p>\n\n\n\n<hr class=\"wp-block-separator has-alpha-channel-opacity is-style-wide\"\/>\n\n\n\n<h2 class=\"wp-block-heading has-text-align-center\">EYEMASTER &#8211; Black\/Speed Metal &#8211; Essen<\/h2>\n\n\n\n<blockquote class=\"wp-block-quote is-layout-flow wp-block-quote-is-layout-flow\">\n<p class=\"has-text-align-center\">Underground music for underground people. Open for Submissions.<\/p>\n\n\n\n<p class=\"has-text-align-center\"><br><a href=\"http:\/\/caligarirecords.bandcamp.com\/album\/conjuration-of-flesh\" target=\"_blank\" rel=\"noreferrer noopener\">caligarirecords.bandcamp.com\/album\/conjuration-of-flesh<\/a><\/p>\n<\/blockquote>\n\n\n\n<hr class=\"wp-block-separator has-alpha-channel-opacity is-style-wide\"\/>\n\n\n\n<h2 class=\"wp-block-heading has-text-align-center\">NECROMANCER &#8211; Rostock<\/h2>\n\n\n\n<blockquote class=\"wp-block-quote is-layout-flow wp-block-quote-is-layout-flow\">\n<p class=\"has-text-align-center\">A new inferno is rising: A relentless storm of Black\/Speed Metal with vicious Punk edge. No polish. No compromise. Just raw unfiltered rebellion. Charged by Punk &#8211; Poisoned by Metal!!<\/p>\n<\/blockquote>\n\n\n\n<p class=\"has-text-align-center\"><br><a href=\"http:\/\/necromancerhro.bandcamp.com\/\" target=\"_blank\" rel=\"noreferrer noopener\">necromancerhro.bandcamp.com<\/a><\/p>\n\n\n\n<hr class=\"wp-block-separator has-alpha-channel-opacity is-style-wide\"\/>\n\n\n\n<h2 class=\"wp-block-heading has-text-align-center\">PLAGUECASTER &#8211; Dresden<\/h2>\n\n\n\n<blockquote class=\"wp-block-quote has-text-align-center is-layout-flow wp-block-quote-is-layout-flow\">\n<p class=\"has-text-align-center\">Blackened Death Metal!<\/p>\n<\/blockquote>\n\n\n\n<p class=\"has-text-align-center\"><br><a href=\"http:\/\/plaguecaster.bandcamp.com\/\" target=\"_blank\" rel=\"noreferrer noopener\">plaguecaster.bandcamp.com<\/a>\u00a0<\/p>\n\n\n\n<hr class=\"wp-block-separator has-alpha-channel-opacity is-style-dots\"\/>\n\n\n\n<p class=\"has-text-align-center has-small-font-size\"><strong>NO DISCRIMINATION \/\/ NO DISCUSSION<\/strong><\/p>\n\n\n\n<p><\/p>\n<\/div><\/div><\/div><div id=\"event-2148\" class=\"vsel-content party vsel-upcoming vsel-future\"><div class=\"vsel-meta vsel-alignleft\" style=\"width:36%;\"><h3 class=\"vsel-meta-title\"><a href=\"https:\/\/ak44-giessen.de\/ak44-infoladen-giessen\/event\/bassface\/\" rel=\"bookmark\" title=\"BASSFACE\">BASSFACE<\/a><\/h3><div class=\"vsel-meta-date vsel-meta-single-date\">Datum: <span>8. Mai 2026<\/span><\/div><\/div><div class=\"vsel-info vsel-alignright\" style=\"width:60%;\"><div class=\"vsel-text\">\n<figure class=\"wp-block-image size-large is-resized\"><img loading=\"lazy\" decoding=\"async\" width=\"1024\" height=\"577\" src=\"https:\/\/ak44-giessen.de\/wp-content\/uploads\/2026\/05\/bassface-titelbild-1024x577.png\" alt=\"\" class=\"wp-image-2149\" style=\"aspect-ratio:1.743931123241468;width:372px;height:auto\" srcset=\"https:\/\/ak44-giessen.de\/wp-content\/uploads\/2026\/05\/bassface-titelbild-1024x577.png 1024w, https:\/\/ak44-giessen.de\/wp-content\/uploads\/2026\/05\/bassface-titelbild-300x169.png 300w, https:\/\/ak44-giessen.de\/wp-content\/uploads\/2026\/05\/bassface-titelbild-768x433.png 768w, https:\/\/ak44-giessen.de\/wp-content\/uploads\/2026\/05\/bassface-titelbild-1536x865.png 1536w, https:\/\/ak44-giessen.de\/wp-content\/uploads\/2026\/05\/bassface-titelbild-500x282.png 500w, https:\/\/ak44-giessen.de\/wp-content\/uploads\/2026\/05\/bassface-titelbild.png 1640w\" sizes=\"auto, (max-width: 1024px) 100vw, 1024px\" \/><\/figure>\n\n\n\n<h2 class=\"wp-block-heading has-text-align-left\">BASSFACE | DRUM AND BASS | GIESSEN<\/h2>\n\n\n\n<p class=\"has-text-align-left\"><em>More information soon&#8230;<\/em><\/p>\n\n\n\n<p><\/p>\n<\/div><\/div><\/div><div id=\"event-2136\" class=\"vsel-content konzert vsel-upcoming vsel-future\"><div class=\"vsel-meta vsel-alignleft\" style=\"width:36%;\"><h3 class=\"vsel-meta-title\"><a href=\"https:\/\/ak44-giessen.de\/ak44-infoladen-giessen\/event\/konzert-3\/\" rel=\"bookmark\" title=\"Konzert\">Konzert<\/a><\/h3><div class=\"vsel-meta-date vsel-meta-single-date\">Datum: <span>5. Juni 2026<\/span><\/div><div class=\"vsel-meta-time\">Uhrzeit: <span>21:00<\/span><\/div><\/div><div class=\"vsel-info vsel-alignright\" style=\"width:60%;\"><div class=\"vsel-text\">\n<figure class=\"wp-block-image size-large\"><a href=\"https:\/\/ak44-giessen.de\/ak44-infoladen-giessen\/event\/konzert-3\/\"><img loading=\"lazy\" decoding=\"async\" width=\"1024\" height=\"682\" src=\"https:\/\/ak44-giessen.de\/wp-content\/uploads\/2026\/03\/260605-1024x682.jpg\" alt=\"\" class=\"wp-image-2137\" srcset=\"https:\/\/ak44-giessen.de\/wp-content\/uploads\/2026\/03\/260605-1024x682.jpg 1024w, https:\/\/ak44-giessen.de\/wp-content\/uploads\/2026\/03\/260605-300x200.jpg 300w, https:\/\/ak44-giessen.de\/wp-content\/uploads\/2026\/03\/260605-768x511.jpg 768w, https:\/\/ak44-giessen.de\/wp-content\/uploads\/2026\/03\/260605-451x300.jpg 451w, https:\/\/ak44-giessen.de\/wp-content\/uploads\/2026\/03\/260605.jpg 1200w\" sizes=\"auto, (max-width: 1024px) 100vw, 1024px\" \/><\/a><\/figure>\n\n\n\n<p>MINENFELD \/\/ MAN\u00d8VER \/\/ YOGTZE<\/p>\n\n\n\n<p>MINENFELD &#8211; Death Metal Crust &#8211; Osnabr\u00fcck<br><a href=\"https:\/\/minenfeld.bandcamp.com\/\" target=\"_blank\" rel=\"noreferrer noopener\">https:\/\/minenfeld.bandcamp.com\/<\/a><br><br>MAN\u00d8VER &#8211; Crust\/Sludge &#8211; M\u00fcnster<br><a href=\"https:\/\/manovercrust.bandcamp.com\/\" target=\"_blank\" rel=\"noreferrer noopener\">https:\/\/manovercrust.bandcamp.com\/<\/a><br><br>YOGTZE &#8211; Hardcore Punk &#8211; K\u00f6ln<br><a href=\"https:\/\/wirsindyogtze.bandcamp.com\/\" target=\"_blank\" rel=\"noreferrer noopener\">https:\/\/wirsindyogtze.bandcamp.com\/<\/a><br><br>Doors: 20h<br>Noise: ~21h<br><br>NO DISCRIMINATION \/\/ NO DISCUSSION<\/p>\n\n\n\n<div style=\"height:42px\" aria-hidden=\"true\" class=\"wp-block-spacer\"><\/div>\n<\/div><\/div><\/div><div id=\"event-2164\" class=\"vsel-content vsel-upcoming vsel-future\"><div class=\"vsel-meta vsel-alignleft\" style=\"width:36%;\"><h3 class=\"vsel-meta-title\"><a href=\"https:\/\/ak44-giessen.de\/ak44-infoladen-giessen\/event\/too-old-to-die-young\/\" rel=\"bookmark\" title=\"too old to die young\">too old to die young<\/a><\/h3><div class=\"vsel-meta-date vsel-meta-single-date\">Datum: <span>20. Juni 2026<\/span><\/div><div class=\"vsel-meta-time\">Uhrzeit: <span>20:00<\/span><\/div><\/div><div class=\"vsel-info vsel-alignright\" style=\"width:60%;\"><div class=\"vsel-text\">\n<figure class=\"wp-block-gallery has-nested-images columns-default is-cropped wp-block-gallery-1 is-layout-flex wp-block-gallery-is-layout-flex\">\n<figure class=\"wp-block-image size-large\"><a href=\"https:\/\/ak44-giessen.de\/ak44-infoladen-giessen\/event\/too-old-to-die-young\/\"><img loading=\"lazy\" decoding=\"async\" width=\"768\" height=\"1024\" data-id=\"2165\" src=\"https:\/\/ak44-giessen.de\/wp-content\/uploads\/2026\/03\/signal-2026-03-31-12-59-00-652-768x1024.jpg\" alt=\"\" class=\"wp-image-2165\" srcset=\"https:\/\/ak44-giessen.de\/wp-content\/uploads\/2026\/03\/signal-2026-03-31-12-59-00-652-768x1024.jpg 768w, https:\/\/ak44-giessen.de\/wp-content\/uploads\/2026\/03\/signal-2026-03-31-12-59-00-652-225x300.jpg 225w, https:\/\/ak44-giessen.de\/wp-content\/uploads\/2026\/03\/signal-2026-03-31-12-59-00-652-1152x1536.jpg 1152w, https:\/\/ak44-giessen.de\/wp-content\/uploads\/2026\/03\/signal-2026-03-31-12-59-00-652.jpg 1200w\" sizes=\"auto, (max-width: 768px) 100vw, 768px\" \/><\/a><\/figure>\n<\/figure>\n\n\n\n<p><\/p>\n<\/div><\/div><\/div><div class=\"vsel-nav\"><\/div><\/div><\/code><\/p>\n\n\n\n<hr class=\"wp-block-separator has-css-opacity\"\/>\n\n\n\n<p class=\"has-text-align-right\">Deine Veranstaltung steht nicht im Kalender?<br>Dann schick deine Veranstaltungsbeschreibung, gerne mit Bild, an:<br>&#x74;e&#x63;&#104;n&#x69;&#107;&#x40;&#97;k&#x34;&#52;&#x2d;&#103;i&#x65;&#115;&#x73;&#x65;n&#x2e;&#100;e (pls no booking requests)<\/p>\n\n\n\n<hr class=\"wp-block-separator has-alpha-channel-opacity\"\/>\n\n\n\n<p>Du willst ein Konzert, ein Workshop, eine Lesung oder eine Party im AK44\/Infoladen Gie\u00dfen veranstalten oder hast eine ganz andere Idee?<br>Dann komm zum Plenum. Das Plenum findet immer am 1., 3., (5.) Dienstag im Monat um 18:30 statt. Nur im Plenum k\u00f6nnen Veranstaltungen angemeldet werden und Dinge besprochen werden. Das AK44 ist kein Ort f\u00fcr kommerzielle Veranstaltungen, kein hipper Club und keine_r wird f\u00fcr seine_ihre Arbeit bezahlt.<\/p>\n\n\n\n<hr class=\"wp-block-separator has-alpha-channel-opacity\"\/>\n\n\n\n<p class=\"has-text-align-right\">Das Zentrum will m\u00f6glichst vielen Menschen die M\u00f6glichkeit bieten sich einzubringen, unter der Voraussetzung eines respektvollen Umgangs miteinander. Rassismus, Antisemitismus, Sexismus und andere Formen der Diskriminierung sind unerw\u00fcnscht. Gemeinsam versuchen wir problematische Strukturen zu \u00fcberwinden, die uns die Gesellschaft beigebracht hat. Dazu z\u00e4hlt beispielsweise Entscheidungen nicht nach Mehrheitsprinzipien zu treffen, sondern nach gemeinsamen Wegen zu suchen. Aber auch das bei Veranstaltungen nicht immer nur cis-M\u00e4nner auf der B\u00fchne stehen.<\/p>\n\n\n\n<hr class=\"wp-block-separator has-alpha-channel-opacity\"\/>\n\n\n\n<p>Das AK44 m\u00f6chte einen Raum schaffen, in dem diskriminierendes Verhalten, das dich unwohl f\u00fchlenl\u00e4sst keinen Platz hat. Realit\u00e4t ist jedoch, dass auch an Orten mit emanzipatorischem Anspruch \u00fcbergriffige Situationen passieren. Uns ist es wichtig, dass sich alle Menschen auf Veranstaltungen sicher und wohl f\u00fchlen \u2013 daf\u00fcr tragen wir gemeinsam Verantwortung.<\/p>\n\n\n\n<p>Deshalb:<br>Falls Du sexistisch, rassistisch, wegen Deiner sexuellen Orientierung oder aus anderen Gr\u00fcnden eineunangenehme, diskriminierende Erfahrung machst oder deine pers\u00f6nlichen Grenzen anderweitig \u00fcberschritten werden, wende dich an uns. Sprich die Menschen mit einem \u00bbA\u00ab [steht f\u00fcr \u00bbAwareness\u00ab*] auf dem R\u00fccken oder Personen hinter der Theke an.<br>Wir unterst\u00fctzen dich!<\/p>\n\n\n\n<p>Falls du mitbekommst, dass einer anderen Person ein \u00dcbergriff passiert, schau nicht weg: Frage nach, ob die Person Unterst\u00fctzung braucht und wende dich bei Bedarf ebenfalls an uns. Auch nach einer Veranstaltung kannst du gerne Kontakt zu uns aufnehmen, wenn du eine unangenehme Situation erlebt hast oder Feedback zum Awarenesskonzept geben m\u00f6chtest. <strong>&#x61;&#119;a&#x72;&#101;n&#x65;&#115;s&#x40;&#x61;&#107;&#x34;&#x34;&#45;g&#x69;&#101;s&#x73;&#101;n&#x2e;&#x64;&#101;<\/strong><br><em><sup>Alle E-Mails werden vertraulich behandelt und nur von unserem geschulten Awareness-Team gelesen. Deine R\u00fcckmeldungen sind wichtig, um unsere Veranstaltungen sicherer zu gestalten und dir eine Aufarbeitung zu erm\u00f6glichen.<\/sup><\/em><\/p>\n\n\n\n<p><em>Awareness kommt aus dem englischen \u00bbto be aware of something\u00ab. Das bedeutet so viel wie \u00bbsich etwas bewusst sein\u00ab. Zum Beispiel: Sich den eigenen Grenzengewahr sein und die Grenzen anderer respektieren,denn jede<\/em>r bestimmt diese f\u00fcr sich selbst.<\/p>\n","protected":false},"excerpt":{"rendered":"<p>Deine Veranstaltung steht nicht im Kalender?Dann schick deine Veranstaltungsbeschreibung, gerne mit Bild, an:&#x74;&#x65;&#x63;&#x68;&#x6e;&#x69;&#x6b;&#x40;&#x61;&#x6b;&#x34;&#x34;&#x2d;&#x67;&#105;&#101;&#115;&#115;&#101;&#110;&#46;&#100;&#101; (pls no booking requests) Du willst ein Konzert, ein Workshop, eine Lesung oder eine Party im AK44\/Infoladen Gie\u00dfen veranstalten oder hast eine ganz andere Idee?Dann komm zum &hellip; <a href=\"https:\/\/ak44-giessen.de\/ak44-infoladen-giessen\/event\/too-old-to-die-young\/\">Weiterlesen <span class=\"meta-nav\">&rarr;<\/span><\/a><\/p>\n","protected":false},"author":1,"featured_media":0,"parent":0,"menu_order":0,"comment_status":"closed","ping_status":"closed","template":"","meta":{"footnotes":""},"class_list":["post-740","page","type-page","status-publish","hentry"],"_links":{"self":[{"href":"https:\/\/ak44-giessen.de\/ak44-infoladen-giessen\/wp-json\/wp\/v2\/pages\/740","targetHints":{"allow":["GET"]}}],"collection":[{"href":"https:\/\/ak44-giessen.de\/ak44-infoladen-giessen\/wp-json\/wp\/v2\/pages"}],"about":[{"href":"https:\/\/ak44-giessen.de\/ak44-infoladen-giessen\/wp-json\/wp\/v2\/types\/page"}],"author":[{"embeddable":true,"href":"https:\/\/ak44-giessen.de\/ak44-infoladen-giessen\/wp-json\/wp\/v2\/users\/1"}],"replies":[{"embeddable":true,"href":"https:\/\/ak44-giessen.de\/ak44-infoladen-giessen\/wp-json\/wp\/v2\/comments?post=740"}],"version-history":[{"count":36,"href":"https:\/\/ak44-giessen.de\/ak44-infoladen-giessen\/wp-json\/wp\/v2\/pages\/740\/revisions"}],"predecessor-version":[{"id":1656,"href":"https:\/\/ak44-giessen.de\/ak44-infoladen-giessen\/wp-json\/wp\/v2\/pages\/740\/revisions\/1656"}],"wp:attachment":[{"href":"https:\/\/ak44-giessen.de\/ak44-infoladen-giessen\/wp-json\/wp\/v2\/media?parent=740"}],"curies":[{"name":"wp","href":"https:\/\/api.w.org\/{rel}","templated":true}]}}