{"id":725,"date":"2021-01-09T13:52:26","date_gmt":"2021-01-09T12:52:26","guid":{"rendered":"https:\/\/ak44-giessen.de\/?page_id=725"},"modified":"2022-01-07T16:15:05","modified_gmt":"2022-01-07T15:15:05","slug":"datenschutz","status":"publish","type":"page","link":"https:\/\/ak44-giessen.de\/ak44-infoladen-giessen\/datenschutz\/","title":{"rendered":"Datenschutz"},"content":{"rendered":"\n<p>Datenschutz und Datensparsamkeit sind uns wichtig. Daher speichern wir so wenige Information wie irgend m\u00f6glich \u00fcber Besucher*innen dieser Webseite.<\/p>\n\n\n\n<p>Ganz ohne Datenspeicherung geht es dann aber doch nicht. Wie bei eigentlich allen Webseiten werden auf dem Server, auf welchem diese Webseite gehostet wird, Logdaten gespeichert. Diese Logdaten umfassen den Zeitpunkt und die URL deines Besuches sowie deine IP-Adresse. <\/p>\n\n\n\n<p>Nach 14 Tagen werden die Daten wieder gel\u00f6scht. Diese Daten werden gespeichert, um St\u00f6rungen und Angriffe nachvollziehen zu k\u00f6nnen.<\/p>\n","protected":false},"excerpt":{"rendered":"<p>Datenschutz und Datensparsamkeit sind uns wichtig. Daher speichern wir so wenige Information wie irgend m\u00f6glich \u00fcber Besucher*innen dieser Webseite. Ganz ohne Datenspeicherung geht es dann aber doch nicht. Wie bei eigentlich allen Webseiten werden auf dem Server, auf welchem diese &hellip; <a href=\"https:\/\/ak44-giessen.de\/ak44-infoladen-giessen\/datenschutz\/\">Weiterlesen <span class=\"meta-nav\">&rarr;<\/span><\/a><\/p>\n","protected":false},"author":1,"featured_media":0,"parent":0,"menu_order":0,"comment_status":"closed","ping_status":"closed","template":"","meta":{"footnotes":""},"class_list":["post-725","page","type-page","status-publish","hentry"],"_links":{"self":[{"href":"https:\/\/ak44-giessen.de\/ak44-infoladen-giessen\/wp-json\/wp\/v2\/pages\/725","targetHints":{"allow":["GET"]}}],"collection":[{"href":"https:\/\/ak44-giessen.de\/ak44-infoladen-giessen\/wp-json\/wp\/v2\/pages"}],"about":[{"href":"https:\/\/ak44-giessen.de\/ak44-infoladen-giessen\/wp-json\/wp\/v2\/types\/page"}],"author":[{"embeddable":true,"href":"https:\/\/ak44-giessen.de\/ak44-infoladen-giessen\/wp-json\/wp\/v2\/users\/1"}],"replies":[{"embeddable":true,"href":"https:\/\/ak44-giessen.de\/ak44-infoladen-giessen\/wp-json\/wp\/v2\/comments?post=725"}],"version-history":[{"count":3,"href":"https:\/\/ak44-giessen.de\/ak44-infoladen-giessen\/wp-json\/wp\/v2\/pages\/725\/revisions"}],"predecessor-version":[{"id":859,"href":"https:\/\/ak44-giessen.de\/ak44-infoladen-giessen\/wp-json\/wp\/v2\/pages\/725\/revisions\/859"}],"wp:attachment":[{"href":"https:\/\/ak44-giessen.de\/ak44-infoladen-giessen\/wp-json\/wp\/v2\/media?parent=725"}],"curies":[{"name":"wp","href":"https:\/\/api.w.org\/{rel}","templated":true}]}}