{"id":16,"date":"2015-08-13T14:15:52","date_gmt":"2015-08-13T14:15:52","guid":{"rendered":"https:\/\/ak44-giessen.de\/?page_id=16"},"modified":"2024-07-06T13:25:54","modified_gmt":"2024-07-06T11:25:54","slug":"kontakt","status":"publish","type":"page","link":"https:\/\/ak44-giessen.de\/ak44-infoladen-giessen\/kontakt\/","title":{"rendered":"Kontakt"},"content":{"rendered":"\n<p>AK44\/Infoladen<br>Alter Wetzlarer Weg 44<br>35392 Gie\u00dfen<\/p>\n\n\n\n<hr class=\"wp-block-separator has-alpha-channel-opacity\"\/>\n\n\n\n<p><strong>Wegbeschreibung:<\/strong><\/p>\n\n\n\n<p><strong>mit dem Auto<\/strong>: Fahrt auf den Giessener Ring (485), Abfahrt &#8222;Uniklinikum&#8220; abfahren,<br>immer geradeaus (Frankfurterstr.) bis auf der linken Seite eine BFT-Tanke kommt,<br>zweite Stra\u00dfe links rein (Klinikstr., hinter Bushaltestelle), danach 2. Rechts (vor der Br\u00fccke) in den Alten Wetzlarer Weg, auf der linken Seite t\u00fcrmen sich dann gelbe H\u00e4user auf. Es ist das zweite auf der linken Seite, dort seid ihr am Ziel!!!<\/p>\n\n\n\n<p><strong>Mit dem Zug<\/strong>: Hauptausgang am Bhf (etwa 4 min.), wenn ihr dem Weg vom Bahnhof folgt<br>kommt direkt 10 Meter auf der rechten Seite eine Treppe, die zu einer eisernen Br\u00fccke f\u00fchrt, wenn ihr da r\u00fcber seid, gleich rechts (hinter dem Kiosk) und dann nach etwa 400 Meter steht ihr vor einem gro\u00dfen gelben Haus (rechte Seite), es ist aber das kleinere gelbe dahinter.<\/p>\n\n\n\n<hr class=\"wp-block-separator has-alpha-channel-opacity\"\/>\n\n\n\n<p><strong>E-Mail<\/strong><\/p>\n\n\n\n<p class=\"has-text-align-left\">Das AK44 ist ein unkommerzielles Zentrum. Es bekommt keine \u00f6ffentlichen Zusch\u00fcsse, es wird weder auf Gewinn gearbeitet noch bekommt irgendwer Geld. Das bedeutet, dass alle alles machen und alle f\u00fcr alles verantwortlich sind. Gemeinsame Auseinandersetzungen \u00fcber und um die R\u00e4ume finden im regelm\u00e4\u00dfigen Plenum statt. <em>(immer am 1., 4. und ggf. 5. Dienstag im Monat um 18:30)<\/em><\/p>\n\n\n\n<p class=\"has-text-align-center\"><br>Es gibt auch E-Mail-Adressen aber die h\u00e4ufigste Antwort die per Mail verschickt wird ist:<mark style=\"background-color:rgba(0, 0, 0, 0)\" class=\"has-inline-color has-white-color\">\u201ekomm am besten im Plenum vorbei\u201c<\/mark><sup data-fn=\"5293be6b-6be9-4bd3-98c3-37636664e01c\" class=\"fn\"><a href=\"#5293be6b-6be9-4bd3-98c3-37636664e01c\" id=\"5293be6b-6be9-4bd3-98c3-37636664e01c-link\">1<\/a><\/sup>. <\/p>\n\n\n\n<p class=\"has-text-align-left\">Die E-Mail Adresse des Infoladens lautet: <a href=\"&#x6d;a&#x69;l&#x74;&#111;&#x3a;&#105;n&#x66;o&#x6c;&#97;&#x64;&#101;&#x6e;&#45;g&#x69;e&#x73;&#115;&#x65;&#110;&#x40;&#x77;e&#x62;&#46;&#x64;&#101;\">&#x69;&#110;f&#x6f;&#108;a&#x64;&#101;n&#x2d;&#x67;&#105;&#x65;&#x73;&#115;e&#x6e;&#64;w&#x65;&#98;&#46;&#x64;&#x65;<\/a><\/p>\n\n\n\n<p>Deine Veranstaltung steht nicht auf der <strong>Homepage<\/strong>. Dann schick eine E-Mail an te&#99;&#104;&#110;&#105;&#x6b;&#x40;&#x61;&#x6b;&#x34;4-&#103;&#105;&#101;&#115;&#x73;&#x65;&#x6e;&#x2e;&#x64;e (pls no booking requests)<\/p>\n\n\n\n<p><strong>Awareness<\/strong><\/p>\n\n\n\n<p>Hast du auf einer unserer Veranstaltungen einen \u00dcbergriff oder eine unangenehme Situation erlebt oder m\u00f6chtest uns Feedback zu unserem Awarenesskonzept geben? Du kannst dich nun per E-Mail an uns wenden: a&#119;&#97;&#x72;&#x65;&#x6e;&#x65;s&#115;&#64;&#97;&#x6b;&#x34;&#x34;-g&#105;&#101;&#x73;&#x73;&#x65;n&#46;&#100;&#101;<br><em><sup>Alle E-Mails werden vertraulich behandelt und nur von unserem geschulten Awareness-Team gelesen. Deine R\u00fcckmeldungen sind wichtig, um unsere Veranstaltungen sicherer zu gestalten und dir eine Aufarbeitung zu erm\u00f6glichen.<\/sup><\/em><\/p>\n\n\n\n<p><strong>Booking<\/strong><\/p>\n\n\n\n<p>Du willst mit deiner Band im AK44 spielen? Das AK44 macht kein &#8222;eigenes booking&#8220;. Veranstaltungen entstehen, weil Menschen Bock haben, sich k\u00fcmmern, ins Plenum gehen und Verantwortung \u00fcbernehmen. Wir arbeiten aktuell an einem Mailverteiler f\u00fcr Veranstalter*innen, dann gibts auch bald ne Mailadresse. Bis dahin ist es am erfolgversprechensten, du schaust dich auf Social Media um wer im AK44 Veranstaltungen macht und fragst lokale Bands an ob sie villeicht mit deiner Band was zusammen machen wollen und ne Veranstaltung organisieren w\u00fcrden, soviel arbeit ist das garnicht. Es bringt aufjedenfall nichts uns immer wieder Mails zu schreiben.<\/p>\n\n\n\n<p>You want to play with your band at AK44? Events come about because people are up for it, care, go to the plenum and take responsibility. We are currently working on a mailing list for organizers, then there will soon be an email address, that might make it easier to get in contact. Until then, the most promising thing is to look around on social media to see who is doing events in AK44 and ask local bands if they might want to do something together with your band and organize an event, it&#8217;s not that much work. In any case, there&#8217;s no point in writing us emails again and again.<\/p>\n\n\n\n<p><\/p>\n\n\n\n<p><\/p>\n\n\n<ol class=\"wp-block-footnotes\"><li id=\"5293be6b-6be9-4bd3-98c3-37636664e01c\"><em><sup>Es ist auch keine b\u00f6se Absicht, wenn du mal keine Antwort bekommst, es kommen einfach sehr viele Mails und es gibt wenig Menschen, die sich die Zeit nehmen diese Mails in ihrer Freizeit zu bearbeiten.<\/sup><\/em> <a href=\"#5293be6b-6be9-4bd3-98c3-37636664e01c-link\" aria-label=\"Zur Fu\u00dfnotenreferenz 1 navigieren\">\u21a9\ufe0e<\/a><\/li><\/ol>","protected":false},"excerpt":{"rendered":"<p>AK44\/InfoladenAlter Wetzlarer Weg 4435392 Gie\u00dfen Wegbeschreibung: mit dem Auto: Fahrt auf den Giessener Ring (485), Abfahrt &#8222;Uniklinikum&#8220; abfahren,immer geradeaus (Frankfurterstr.) bis auf der linken Seite eine BFT-Tanke kommt,zweite Stra\u00dfe links rein (Klinikstr., hinter Bushaltestelle), danach 2. Rechts (vor der Br\u00fccke) &hellip; <a href=\"https:\/\/ak44-giessen.de\/ak44-infoladen-giessen\/kontakt\/\">Weiterlesen <span class=\"meta-nav\">&rarr;<\/span><\/a><\/p>\n","protected":false},"author":1,"featured_media":0,"parent":0,"menu_order":0,"comment_status":"closed","ping_status":"closed","template":"","meta":{"footnotes":"[{\"content\":\"<em><sup>Es ist auch keine b\u00f6se Absicht, wenn du mal keine Antwort bekommst, es kommen einfach sehr viele Mails und es gibt wenig Menschen, die sich die Zeit nehmen diese Mails in ihrer Freizeit zu bearbeiten.<\/sup><\/em>\",\"id\":\"5293be6b-6be9-4bd3-98c3-37636664e01c\"}]"},"class_list":["post-16","page","type-page","status-publish","hentry"],"_links":{"self":[{"href":"https:\/\/ak44-giessen.de\/ak44-infoladen-giessen\/wp-json\/wp\/v2\/pages\/16","targetHints":{"allow":["GET"]}}],"collection":[{"href":"https:\/\/ak44-giessen.de\/ak44-infoladen-giessen\/wp-json\/wp\/v2\/pages"}],"about":[{"href":"https:\/\/ak44-giessen.de\/ak44-infoladen-giessen\/wp-json\/wp\/v2\/types\/page"}],"author":[{"embeddable":true,"href":"https:\/\/ak44-giessen.de\/ak44-infoladen-giessen\/wp-json\/wp\/v2\/users\/1"}],"replies":[{"embeddable":true,"href":"https:\/\/ak44-giessen.de\/ak44-infoladen-giessen\/wp-json\/wp\/v2\/comments?post=16"}],"version-history":[{"count":30,"href":"https:\/\/ak44-giessen.de\/ak44-infoladen-giessen\/wp-json\/wp\/v2\/pages\/16\/revisions"}],"predecessor-version":[{"id":1654,"href":"https:\/\/ak44-giessen.de\/ak44-infoladen-giessen\/wp-json\/wp\/v2\/pages\/16\/revisions\/1654"}],"wp:attachment":[{"href":"https:\/\/ak44-giessen.de\/ak44-infoladen-giessen\/wp-json\/wp\/v2\/media?parent=16"}],"curies":[{"name":"wp","href":"https:\/\/api.w.org\/{rel}","templated":true}]}}