{"id":1387,"date":"2023-11-07T23:20:28","date_gmt":"2023-11-07T22:20:28","guid":{"rendered":"https:\/\/ak44-giessen.de\/?page_id=1387"},"modified":"2024-04-23T10:50:52","modified_gmt":"2024-04-23T08:50:52","slug":"about-us","status":"publish","type":"page","link":"https:\/\/ak44-giessen.de\/ak44-infoladen-giessen\/about-us\/","title":{"rendered":"About us"},"content":{"rendered":"\n<p>Das Zentrum will m\u00f6glichst vielen Menschen die M\u00f6glichkeit bieten sich einzubringen, unter der Voraussetzung eines respektvollen Umgangs miteinander. Rassismus, Antisemitismus, Sexismus und andere Formen der Diskriminierung sind unerw\u00fcnscht. Gemeinsam versuchen wir problematische Strukturen zu \u00fcberwinden, die uns die Gesellschaft beigebracht hat. Dazu z\u00e4hlt beispielsweise Entscheidungen nicht nach Mehrheitsprinzipien zu treffen, sondern nach gemeinsamen Wegen zu suchen. Aber auch das bei Veranstaltungen nicht immer nur cis-M\u00e4nner auf der B\u00fchne stehen. <\/p>\n\n\n\n<p>More Info:<a href=\"https:\/\/ak44-giessen.de\/what-does-infoladen-mean\/\" data-type=\"page\" data-id=\"12\"> What does Infoladen mean?<\/a><\/p>\n\n\n\n<p>The center wants to offer as many people as possible the opportunity to get involved, provided that they treat each other with respect. Racism, anti-Semitism, sexism and other forms of discrimination are undesirable. Together, we try to overcome problematic structures that society has taught us. This includes, for example, not making decisions according to majority principles, but looking for common ground.<\/p>\n\n\n\n<p><\/p>\n","protected":false},"excerpt":{"rendered":"<p>Das Zentrum will m\u00f6glichst vielen Menschen die M\u00f6glichkeit bieten sich einzubringen, unter der Voraussetzung eines respektvollen Umgangs miteinander. Rassismus, Antisemitismus, Sexismus und andere Formen der Diskriminierung sind unerw\u00fcnscht. Gemeinsam versuchen wir problematische Strukturen zu \u00fcberwinden, die uns die Gesellschaft beigebracht &hellip; <a href=\"https:\/\/ak44-giessen.de\/ak44-infoladen-giessen\/about-us\/\">Weiterlesen <span class=\"meta-nav\">&rarr;<\/span><\/a><\/p>\n","protected":false},"author":1,"featured_media":0,"parent":0,"menu_order":0,"comment_status":"closed","ping_status":"closed","template":"","meta":{"footnotes":""},"class_list":["post-1387","page","type-page","status-publish","hentry"],"_links":{"self":[{"href":"https:\/\/ak44-giessen.de\/ak44-infoladen-giessen\/wp-json\/wp\/v2\/pages\/1387","targetHints":{"allow":["GET"]}}],"collection":[{"href":"https:\/\/ak44-giessen.de\/ak44-infoladen-giessen\/wp-json\/wp\/v2\/pages"}],"about":[{"href":"https:\/\/ak44-giessen.de\/ak44-infoladen-giessen\/wp-json\/wp\/v2\/types\/page"}],"author":[{"embeddable":true,"href":"https:\/\/ak44-giessen.de\/ak44-infoladen-giessen\/wp-json\/wp\/v2\/users\/1"}],"replies":[{"embeddable":true,"href":"https:\/\/ak44-giessen.de\/ak44-infoladen-giessen\/wp-json\/wp\/v2\/comments?post=1387"}],"version-history":[{"count":2,"href":"https:\/\/ak44-giessen.de\/ak44-infoladen-giessen\/wp-json\/wp\/v2\/pages\/1387\/revisions"}],"predecessor-version":[{"id":1555,"href":"https:\/\/ak44-giessen.de\/ak44-infoladen-giessen\/wp-json\/wp\/v2\/pages\/1387\/revisions\/1555"}],"wp:attachment":[{"href":"https:\/\/ak44-giessen.de\/ak44-infoladen-giessen\/wp-json\/wp\/v2\/media?parent=1387"}],"curies":[{"name":"wp","href":"https:\/\/api.w.org\/{rel}","templated":true}]}}